{"id":121,"date":"2020-10-29T13:22:37","date_gmt":"2020-10-29T12:22:37","guid":{"rendered":"http:\/\/52.57.17.80\/?post_type=product&#038;p=121"},"modified":"2020-11-26T16:16:43","modified_gmt":"2020-11-26T15:16:43","slug":"d3d-zubehoer-deckenbefestigung","status":"publish","type":"product","link":"https:\/\/puttsimulator.com\/index.php\/produkt\/d3d-zubehoer-deckenbefestigung\/","title":{"rendered":"D3D Zubeh\u00f6r \u2013 Deckenbefestigung"},"content":{"rendered":"<p>Ihre Kamera muss von oben herab auf die Puttmatte projizieren. Hierf\u00fcr ist es n\u00f6tig, dass die Kamera gut befestigt ist.<\/p>\n<p>Teil 1 befestigen Sie an der Decke oder an einem St\u00e4nder. (Silber)<\/p>\n<p>Teil 2 setzen Sie in Teil 1. Hier k\u00f6nnen Sie die Kamera dran befestigen. (Schwarz)<\/p>\n","protected":false},"excerpt":{"rendered":"<p>Ihre Kamera muss von oben herab auf die Puttmatte projizieren. Hierf\u00fcr ist es n\u00f6tig, dass die Kamera gut befestigt ist. Teil 1 befestigen Sie an der Decke oder an einem St\u00e4nder. (Silber) Teil 2 setzen Sie in Teil 1. Hier k\u00f6nnen Sie die Kamera dran befestigen. (Schwarz)<\/p>\n","protected":false},"featured_media":122,"comment_status":"open","ping_status":"closed","template":"","meta":{"site-sidebar-layout":"default","site-content-layout":"default","ast-site-content-layout":"default","site-content-style":"default","site-sidebar-style":"default","ast-global-header-display":"","ast-banner-title-visibility":"","ast-main-header-display":"","ast-hfb-above-header-display":"","ast-hfb-below-header-display":"","ast-hfb-mobile-header-display":"","site-post-title":"","ast-breadcrumbs-content":"","ast-featured-img":"","footer-sml-layout":"","ast-disable-related-posts":"","theme-transparent-header-meta":"default","adv-header-id-meta":"","stick-header-meta":"default","header-above-stick-meta":"","header-main-stick-meta":"","header-below-stick-meta":"","astra-migrate-meta-layouts":"default","ast-page-background-enabled":"default","ast-page-background-meta":{"desktop":{"background-color":"","background-image":"","background-repeat":"repeat","background-position":"center center","background-size":"auto","background-attachment":"scroll","background-type":"","background-media":"","overlay-type":"","overlay-color":"","overlay-opacity":"","overlay-gradient":""},"tablet":{"background-color":"","background-image":"","background-repeat":"repeat","background-position":"center center","background-size":"auto","background-attachment":"scroll","background-type":"","background-media":"","overlay-type":"","overlay-color":"","overlay-opacity":"","overlay-gradient":""},"mobile":{"background-color":"","background-image":"","background-repeat":"repeat","background-position":"center center","background-size":"auto","background-attachment":"scroll","background-type":"","background-media":"","overlay-type":"","overlay-color":"","overlay-opacity":"","overlay-gradient":""}},"ast-content-background-meta":{"desktop":{"background-color":"var(--ast-global-color-5)","background-image":"","background-repeat":"repeat","background-position":"center center","background-size":"auto","background-attachment":"scroll","background-type":"","background-media":"","overlay-type":"","overlay-color":"","overlay-opacity":"","overlay-gradient":""},"tablet":{"background-color":"var(--ast-global-color-5)","background-image":"","background-repeat":"repeat","background-position":"center center","background-size":"auto","background-attachment":"scroll","background-type":"","background-media":"","overlay-type":"","overlay-color":"","overlay-opacity":"","overlay-gradient":""},"mobile":{"background-color":"var(--ast-global-color-5)","background-image":"","background-repeat":"repeat","background-position":"center center","background-size":"auto","background-attachment":"scroll","background-type":"","background-media":"","overlay-type":"","overlay-color":"","overlay-opacity":"","overlay-gradient":""}}},"product_brand":[],"product_cat":[17],"product_tag":[],"class_list":{"0":"post-121","1":"product","2":"type-product","3":"status-publish","4":"has-post-thumbnail","6":"product_cat-unkategorisiert","8":"first","9":"instock","10":"taxable","11":"shipping-taxable","12":"purchasable","13":"product-type-simple"},"_links":{"self":[{"href":"https:\/\/puttsimulator.com\/index.php\/wp-json\/wp\/v2\/product\/121","targetHints":{"allow":["GET"]}}],"collection":[{"href":"https:\/\/puttsimulator.com\/index.php\/wp-json\/wp\/v2\/product"}],"about":[{"href":"https:\/\/puttsimulator.com\/index.php\/wp-json\/wp\/v2\/types\/product"}],"replies":[{"embeddable":true,"href":"https:\/\/puttsimulator.com\/index.php\/wp-json\/wp\/v2\/comments?post=121"}],"wp:featuredmedia":[{"embeddable":true,"href":"https:\/\/puttsimulator.com\/index.php\/wp-json\/wp\/v2\/media\/122"}],"wp:attachment":[{"href":"https:\/\/puttsimulator.com\/index.php\/wp-json\/wp\/v2\/media?parent=121"}],"wp:term":[{"taxonomy":"product_brand","embeddable":true,"href":"https:\/\/puttsimulator.com\/index.php\/wp-json\/wp\/v2\/product_brand?post=121"},{"taxonomy":"product_cat","embeddable":true,"href":"https:\/\/puttsimulator.com\/index.php\/wp-json\/wp\/v2\/product_cat?post=121"},{"taxonomy":"product_tag","embeddable":true,"href":"https:\/\/puttsimulator.com\/index.php\/wp-json\/wp\/v2\/product_tag?post=121"}],"curies":[{"name":"wp","href":"https:\/\/api.w.org\/{rel}","templated":true}]}}