{"id":113,"date":"2020-10-29T13:18:49","date_gmt":"2020-10-29T12:18:49","guid":{"rendered":"http:\/\/52.57.17.80\/?post_type=product&#038;p=113"},"modified":"2021-03-26T10:19:28","modified_gmt":"2021-03-26T09:19:28","slug":"d3d-puttsimulator-lizenz","status":"publish","type":"product","link":"https:\/\/puttsimulator.com\/index.php\/produkt\/d3d-puttsimulator-lizenz\/","title":{"rendered":"D3D-PuttSimulator-Lizenz"},"content":{"rendered":"<div id=\"tab-description\" class=\"woocommerce-Tabs-panel woocommerce-Tabs-panel--description panel entry-content wc-tab\" role=\"tabpanel\" aria-labelledby=\"tab-title-description\">\n<p>Softwarepaket + D3D-Servicelizenz f\u00fcr 1 Jahr<\/p>\n<p>&nbsp;<\/p>\n<p>Beim Kauf der Servicelizenz bekommen Sie von uns einen Lizenzschl\u00fcssel per Mail zugeschickt. Damit k\u00f6nnen Sie die Software \u00f6ffnen und benutzen.<\/p>\n<p>Zun\u00e4chst ist Ihre Servicelizenz auf 10 Tage begrenzt. Nach begleichen der Rechnung wird Ihre Lizenz auf den entsprechenden Zeitraum verl\u00e4ngert.<\/p>\n<p><strong>Achtung: <\/strong>Im 1. Jahr beinhaltet die Lizenz auch die Servicelizenz.<\/p>\n<\/div>\n","protected":false},"excerpt":{"rendered":"<p>Softwarepaket + D3D-Servicelizenz f\u00fcr 1 Jahr<\/p>\n<p>Beim Kauf der Servicelizenz bekommen Sie von uns einen Lizenzschl\u00fcssel per Mail zugeschickt. Damit k\u00f6nnen Sie die Software \u00f6ffnen und benutzen.<\/p>\n<p>Zun\u00e4chst ist Ihre Servicelizenz auf 10 Tage begrenzt. Nach begleichen der Rechnung wird Ihre Lizenz auf den entsprechenden Zeitraum verl\u00e4ngert.<\/p>\n<p><strong>Achtung: <\/strong>Im 1. Jahr beinhaltet die Lizenz auch die Servicelizenz.<\/p>\n","protected":false},"featured_media":78,"comment_status":"open","ping_status":"closed","template":"","meta":{"site-sidebar-layout":"default","site-content-layout":"default","ast-site-content-layout":"default","site-content-style":"default","site-sidebar-style":"default","ast-global-header-display":"","ast-banner-title-visibility":"","ast-main-header-display":"","ast-hfb-above-header-display":"","ast-hfb-below-header-display":"","ast-hfb-mobile-header-display":"","site-post-title":"","ast-breadcrumbs-content":"","ast-featured-img":"","footer-sml-layout":"","ast-disable-related-posts":"","theme-transparent-header-meta":"default","adv-header-id-meta":"","stick-header-meta":"default","header-above-stick-meta":"","header-main-stick-meta":"","header-below-stick-meta":"","astra-migrate-meta-layouts":"default","ast-page-background-enabled":"default","ast-page-background-meta":{"desktop":{"background-color":"","background-image":"","background-repeat":"repeat","background-position":"center center","background-size":"auto","background-attachment":"scroll","background-type":"","background-media":"","overlay-type":"","overlay-color":"","overlay-opacity":"","overlay-gradient":""},"tablet":{"background-color":"","background-image":"","background-repeat":"repeat","background-position":"center center","background-size":"auto","background-attachment":"scroll","background-type":"","background-media":"","overlay-type":"","overlay-color":"","overlay-opacity":"","overlay-gradient":""},"mobile":{"background-color":"","background-image":"","background-repeat":"repeat","background-position":"center center","background-size":"auto","background-attachment":"scroll","background-type":"","background-media":"","overlay-type":"","overlay-color":"","overlay-opacity":"","overlay-gradient":""}},"ast-content-background-meta":{"desktop":{"background-color":"var(--ast-global-color-5)","background-image":"","background-repeat":"repeat","background-position":"center center","background-size":"auto","background-attachment":"scroll","background-type":"","background-media":"","overlay-type":"","overlay-color":"","overlay-opacity":"","overlay-gradient":""},"tablet":{"background-color":"var(--ast-global-color-5)","background-image":"","background-repeat":"repeat","background-position":"center center","background-size":"auto","background-attachment":"scroll","background-type":"","background-media":"","overlay-type":"","overlay-color":"","overlay-opacity":"","overlay-gradient":""},"mobile":{"background-color":"var(--ast-global-color-5)","background-image":"","background-repeat":"repeat","background-position":"center center","background-size":"auto","background-attachment":"scroll","background-type":"","background-media":"","overlay-type":"","overlay-color":"","overlay-opacity":"","overlay-gradient":""}}},"product_brand":[],"product_cat":[17],"product_tag":[19,18,20],"class_list":{"0":"post-113","1":"product","2":"type-product","3":"status-publish","4":"has-post-thumbnail","6":"product_cat-unkategorisiert","7":"product_tag-golf","8":"product_tag-puttsimulator","9":"product_tag-software","11":"first","12":"instock","13":"virtual","14":"taxable","15":"purchasable","16":"product-type-simple"},"_links":{"self":[{"href":"https:\/\/puttsimulator.com\/index.php\/wp-json\/wp\/v2\/product\/113","targetHints":{"allow":["GET"]}}],"collection":[{"href":"https:\/\/puttsimulator.com\/index.php\/wp-json\/wp\/v2\/product"}],"about":[{"href":"https:\/\/puttsimulator.com\/index.php\/wp-json\/wp\/v2\/types\/product"}],"replies":[{"embeddable":true,"href":"https:\/\/puttsimulator.com\/index.php\/wp-json\/wp\/v2\/comments?post=113"}],"wp:featuredmedia":[{"embeddable":true,"href":"https:\/\/puttsimulator.com\/index.php\/wp-json\/wp\/v2\/media\/78"}],"wp:attachment":[{"href":"https:\/\/puttsimulator.com\/index.php\/wp-json\/wp\/v2\/media?parent=113"}],"wp:term":[{"taxonomy":"product_brand","embeddable":true,"href":"https:\/\/puttsimulator.com\/index.php\/wp-json\/wp\/v2\/product_brand?post=113"},{"taxonomy":"product_cat","embeddable":true,"href":"https:\/\/puttsimulator.com\/index.php\/wp-json\/wp\/v2\/product_cat?post=113"},{"taxonomy":"product_tag","embeddable":true,"href":"https:\/\/puttsimulator.com\/index.php\/wp-json\/wp\/v2\/product_tag?post=113"}],"curies":[{"name":"wp","href":"https:\/\/api.w.org\/{rel}","templated":true}]}}