{"id":90,"date":"2020-10-29T11:30:16","date_gmt":"2020-10-29T10:30:16","guid":{"rendered":"http:\/\/52.57.17.80\/?page_id=90"},"modified":"2022-03-03T16:10:38","modified_gmt":"2022-03-03T15:10:38","slug":"impressum","status":"publish","type":"page","link":"https:\/\/puttsimulator.com\/index.php\/impressum\/","title":{"rendered":"Impressum"},"content":{"rendered":"\t\t<div data-elementor-type=\"wp-page\" data-elementor-id=\"90\" class=\"elementor elementor-90\">\n\t\t\t\t\t\t<section class=\"elementor-section elementor-top-section elementor-element elementor-element-d7d8b56 elementor-section-boxed elementor-section-height-default elementor-section-height-default\" data-id=\"d7d8b56\" data-element_type=\"section\" data-settings=\"{&quot;background_background&quot;:&quot;classic&quot;}\">\n\t\t\t\t\t\t\t<div class=\"elementor-background-overlay\"><\/div>\n\t\t\t\t\t\t\t<div class=\"elementor-container elementor-column-gap-default\">\n\t\t\t\t\t<div class=\"elementor-column elementor-col-100 elementor-top-column elementor-element elementor-element-fd69444\" data-id=\"fd69444\" data-element_type=\"column\">\n\t\t\t<div class=\"elementor-widget-wrap elementor-element-populated\">\n\t\t\t\t\t\t<div class=\"elementor-element elementor-element-abcc2f2 elementor-widget elementor-widget-heading\" data-id=\"abcc2f2\" data-element_type=\"widget\" data-widget_type=\"heading.default\">\n\t\t\t\t<div class=\"elementor-widget-container\">\n\t\t\t\t\t<h1 class=\"elementor-heading-title elementor-size-default\">Impressum<\/h1>\t\t\t\t<\/div>\n\t\t\t\t<\/div>\n\t\t\t\t\t<\/div>\n\t\t<\/div>\n\t\t\t\t\t<\/div>\n\t\t<\/section>\n\t\t\t\t<section class=\"elementor-section elementor-top-section elementor-element elementor-element-5c40d7b elementor-section-boxed elementor-section-height-default elementor-section-height-default\" data-id=\"5c40d7b\" data-element_type=\"section\">\n\t\t\t\t\t\t<div class=\"elementor-container elementor-column-gap-default\">\n\t\t\t\t\t<div class=\"elementor-column elementor-col-50 elementor-top-column elementor-element elementor-element-2ebbf9c\" data-id=\"2ebbf9c\" data-element_type=\"column\">\n\t\t\t<div class=\"elementor-widget-wrap elementor-element-populated\">\n\t\t\t\t\t\t<div class=\"elementor-element elementor-element-fe195c7 elementor-widget elementor-widget-heading\" data-id=\"fe195c7\" data-element_type=\"widget\" data-widget_type=\"heading.default\">\n\t\t\t\t<div class=\"elementor-widget-container\">\n\t\t\t\t\t<h2 class=\"elementor-heading-title elementor-size-default\">Impressum<\/h2>\t\t\t\t<\/div>\n\t\t\t\t<\/div>\n\t\t\t\t<div class=\"elementor-element elementor-element-dc051dd elementor-widget-divider--view-line elementor-widget elementor-widget-divider\" data-id=\"dc051dd\" data-element_type=\"widget\" data-widget_type=\"divider.default\">\n\t\t\t\t<div class=\"elementor-widget-container\">\n\t\t\t\t\t\t\t<div class=\"elementor-divider\">\n\t\t\t<span class=\"elementor-divider-separator\">\n\t\t\t\t\t\t<\/span>\n\t\t<\/div>\n\t\t\t\t\t\t<\/div>\n\t\t\t\t<\/div>\n\t\t\t\t<div class=\"elementor-element elementor-element-e5f497e elementor-widget elementor-widget-text-editor\" data-id=\"e5f497e\" data-element_type=\"widget\" data-widget_type=\"text-editor.default\">\n\t\t\t\t<div class=\"elementor-widget-container\">\n\t\t\t\t\t\t\t\t\t<div class=\"elementor-element elementor-element-e5f497e elementor-widget elementor-widget-text-editor\" data-id=\"e5f497e\" data-element_type=\"widget\" data-widget_type=\"text-editor.default\"><div class=\"elementor-widget-container\"><div class=\"elementor-text-editor elementor-clearfix\"><p><strong>D3D Puttlabor GmbH<\/strong><br \/>Frauensteinstr. 3<br \/>60322 Frankfurt a. Main<\/p><\/div><\/div><\/div><div class=\"elementor-element elementor-element-5dcd18a elementor-widget elementor-widget-text-editor\" data-id=\"5dcd18a\" data-element_type=\"widget\" data-widget_type=\"text-editor.default\"><div class=\"elementor-widget-container\"><div class=\"elementor-text-editor elementor-clearfix\"><p><span style=\"color: #ffffff;\">Telefon: +49 1715437617<\/span><br \/><span style=\"color: #ffffff;\">Email: info.d3dputtlabor.com<\/span><br \/><span style=\"color: #ffffff;\">Internet: www.puttsimulator.com<\/span><\/p><\/div><\/div><\/div>\t\t\t\t\t\t\t\t<\/div>\n\t\t\t\t<\/div>\n\t\t\t\t\t<\/div>\n\t\t<\/div>\n\t\t\t\t<div class=\"elementor-column elementor-col-50 elementor-top-column elementor-element elementor-element-e5fdae0\" data-id=\"e5fdae0\" data-element_type=\"column\">\n\t\t\t<div class=\"elementor-widget-wrap elementor-element-populated\">\n\t\t\t\t\t\t<div class=\"elementor-element elementor-element-470e942 elementor-widget elementor-widget-spacer\" data-id=\"470e942\" data-element_type=\"widget\" data-widget_type=\"spacer.default\">\n\t\t\t\t<div class=\"elementor-widget-container\">\n\t\t\t\t\t\t\t<div class=\"elementor-spacer\">\n\t\t\t<div class=\"elementor-spacer-inner\"><\/div>\n\t\t<\/div>\n\t\t\t\t\t\t<\/div>\n\t\t\t\t<\/div>\n\t\t\t\t<div class=\"elementor-element elementor-element-96b5b53 elementor-widget elementor-widget-image\" data-id=\"96b5b53\" data-element_type=\"widget\" data-widget_type=\"image.default\">\n\t\t\t\t<div class=\"elementor-widget-container\">\n\t\t\t\t\t\t\t\t\t\t\t\t\t\t\t<img fetchpriority=\"high\" decoding=\"async\" width=\"1920\" height=\"1001\" src=\"https:\/\/puttsimulator.com\/wp-content\/uploads\/2020\/10\/magnolia-golf-course-1613270_1920.jpg\" class=\"attachment-full size-full wp-image-94\" alt=\"\" srcset=\"https:\/\/puttsimulator.com\/wp-content\/uploads\/2020\/10\/magnolia-golf-course-1613270_1920.jpg 1920w, https:\/\/puttsimulator.com\/wp-content\/uploads\/2020\/10\/magnolia-golf-course-1613270_1920-600x313.jpg 600w, https:\/\/puttsimulator.com\/wp-content\/uploads\/2020\/10\/magnolia-golf-course-1613270_1920-300x156.jpg 300w, https:\/\/puttsimulator.com\/wp-content\/uploads\/2020\/10\/magnolia-golf-course-1613270_1920-1024x534.jpg 1024w, https:\/\/puttsimulator.com\/wp-content\/uploads\/2020\/10\/magnolia-golf-course-1613270_1920-768x400.jpg 768w, https:\/\/puttsimulator.com\/wp-content\/uploads\/2020\/10\/magnolia-golf-course-1613270_1920-1536x801.jpg 1536w\" sizes=\"(max-width: 1920px) 100vw, 1920px\" \/>\t\t\t\t\t\t\t\t\t\t\t\t\t\t\t<\/div>\n\t\t\t\t<\/div>\n\t\t\t\t\t<\/div>\n\t\t<\/div>\n\t\t\t\t\t<\/div>\n\t\t<\/section>\n\t\t\t\t<section class=\"elementor-section elementor-top-section elementor-element elementor-element-e90a943 elementor-section-boxed elementor-section-height-default elementor-section-height-default\" data-id=\"e90a943\" data-element_type=\"section\">\n\t\t\t\t\t\t<div class=\"elementor-container elementor-column-gap-default\">\n\t\t\t\t\t<div class=\"elementor-column elementor-col-100 elementor-top-column elementor-element elementor-element-2126f92\" data-id=\"2126f92\" data-element_type=\"column\">\n\t\t\t<div class=\"elementor-widget-wrap elementor-element-populated\">\n\t\t\t\t\t\t<div class=\"elementor-element elementor-element-9e54541 elementor-widget elementor-widget-text-editor\" data-id=\"9e54541\" data-element_type=\"widget\" data-widget_type=\"text-editor.default\">\n\t\t\t\t<div class=\"elementor-widget-container\">\n\t\t\t\t\t\t\t\t\t<section class=\"elementor-section elementor-top-section elementor-element elementor-element-6860db0 elementor-section-boxed elementor-section-height-default elementor-section-height-default\" data-id=\"6860db0\" data-element_type=\"section\"><div class=\"elementor-container elementor-column-gap-default\"><div class=\"elementor-row\"><div class=\"elementor-column elementor-col-100 elementor-top-column elementor-element elementor-element-16cbe12\" data-id=\"16cbe12\" data-element_type=\"column\"><div class=\"elementor-column-wrap elementor-element-populated\"><div class=\"elementor-widget-wrap\"><div class=\"elementor-element elementor-element-2b03b16 elementor-widget elementor-widget-text-editor\" data-id=\"2b03b16\" data-element_type=\"widget\" data-widget_type=\"text-editor.default\"><div class=\"elementor-widget-container\"><div class=\"elementor-text-editor elementor-clearfix\"><p><span style=\"color: #ffffff;\"><strong>Gesch\u00e4ftsf\u00fchrer<br \/><\/strong>Dr.-Ing. Gerald Miosga<\/span><br \/><span style=\"color: #ffffff;\">Handelsregister Frankfurt am Main, HRB 108675<\/span><br \/><span style=\"color: #ffffff;\">Ust-IdNr.: DE312274697<\/span><\/p><p><span style=\"color: #ffffff;\"><strong>Haftungsbeschr\u00e4nkung<br \/><\/strong>Alle Informationen auf der Website der D3Dputtlabor GmbH sind mit gr\u00f6\u00dfter Sorgfalt erstellt. Die D3Dputtlabor GmbH \u00fcbernimmt jedoch keine Haftung f\u00fcr Fehler in diesen Informationen. Die D3Dputtlabor GmbH haftet nicht f\u00fcr Sch\u00e4den, die direkt oder indirekt aus der Benutzung ihrer Website entstehen, soweit diese nicht auf Vorsatz oder grober Fahrl\u00e4ssigkeit der D3Dputtlabor GmbH beruhen.<\/span><\/p><p><span style=\"color: #ffffff;\"><strong>Hypertext-Links<br \/><\/strong>Die Website der D3Dputtlabor GmbH enth\u00e4lt Hypertext-Links zu anderen Websites. Die D3Dputtlabor GmbH ist nicht verantwortlich f\u00fcr die Einhaltung von Datenschutzbestimmungen auf diesen Websites und \u00fcbernimmt keinerlei Verantwortung f\u00fcr deren Inhalt.<\/span><\/p><p><span style=\"color: #ffffff;\">Ein Hypertext-Link auf die Website der D3Dputtlabor GmbH darf nur nach Erteilung einer vorherigen Einwilligung durch unser Unternehmen durch Dritte eingerichtet werden. Sollten Sie einen solchen Hyperlink auf unsere Website setzen wollen, so nehmen Sie bitte vorher schriftlich Kontakt mit uns auf.<\/span><\/p><p><span style=\"color: #ffffff;\"><strong>Markenzeichen<br \/><\/strong>S\u00e4mtliche auf unseren Websites verwendeten Markenzeichen genie\u00dfen markenrechtlichen Schutz. Dies gilt insbesondere f\u00fcr Modellbezeichnungen, Logos, Embleme sowie die Bezeichnungen von Service-Leistungen.<\/span><\/p><p><span style=\"color: #ffffff;\"><strong>Urheberrechte, geistiges Eigentum<br \/><\/strong>S\u00e4mtliche auf der Website der D3Dputtlabor GmbH ver\u00f6ffentlichten Informationen (Text- und Bildmaterialien, Musik, Grafiken, Animationen, Videos etc.) sowie deren Anordnung auf der Website genie\u00dfen urheberrechtlichen Schutz. Die Vervielf\u00e4ltigung, Verbreitung, Wieder- bzw. Weitergabe und sonstige Nutzung ist ohne die schriftliche Genehmigung der D3Dputtlabor GmbH nicht gestattet.<\/span><\/p><\/div><\/div><\/div><\/div><\/div><\/div><\/div><\/div><\/section>\t\t\t\t\t\t\t\t<\/div>\n\t\t\t\t<\/div>\n\t\t\t\t\t<\/div>\n\t\t<\/div>\n\t\t\t\t\t<\/div>\n\t\t<\/section>\n\t\t\t\t<\/div>\n\t\t","protected":false},"excerpt":{"rendered":"<p>Impressum Impressum D3D Puttlabor GmbHFrauensteinstr. 360322 Frankfurt a. Main Telefon: +49 1715437617Email: info.d3dputtlabor.comInternet: www.puttsimulator.com Gesch\u00e4ftsf\u00fchrerDr.-Ing. Gerald MiosgaHandelsregister Frankfurt am Main, HRB 108675Ust-IdNr.: DE312274697 Haftungsbeschr\u00e4nkungAlle Informationen auf der Website der D3Dputtlabor GmbH sind mit gr\u00f6\u00dfter Sorgfalt erstellt. Die D3Dputtlabor GmbH \u00fcbernimmt jedoch keine Haftung f\u00fcr Fehler in diesen Informationen. Die D3Dputtlabor GmbH haftet nicht f\u00fcr Sch\u00e4den, [&hellip;]<\/p>\n","protected":false},"author":4,"featured_media":0,"parent":0,"menu_order":0,"comment_status":"closed","ping_status":"closed","template":"","meta":{"site-sidebar-layout":"no-sidebar","site-content-layout":"page-builder","ast-site-content-layout":"default","site-content-style":"default","site-sidebar-style":"default","ast-global-header-display":"","ast-banner-title-visibility":"","ast-main-header-display":"","ast-hfb-above-header-display":"","ast-hfb-below-header-display":"","ast-hfb-mobile-header-display":"","site-post-title":"disabled","ast-breadcrumbs-content":"","ast-featured-img":"disabled","footer-sml-layout":"","ast-disable-related-posts":"","theme-transparent-header-meta":"default","adv-header-id-meta":"","stick-header-meta":"default","header-above-stick-meta":"","header-main-stick-meta":"","header-below-stick-meta":"","astra-migrate-meta-layouts":"default","ast-page-background-enabled":"default","ast-page-background-meta":{"desktop":{"background-color":"","background-image":"","background-repeat":"repeat","background-position":"center center","background-size":"auto","background-attachment":"scroll","background-type":"","background-media":"","overlay-type":"","overlay-color":"","overlay-opacity":"","overlay-gradient":""},"tablet":{"background-color":"","background-image":"","background-repeat":"repeat","background-position":"center center","background-size":"auto","background-attachment":"scroll","background-type":"","background-media":"","overlay-type":"","overlay-color":"","overlay-opacity":"","overlay-gradient":""},"mobile":{"background-color":"","background-image":"","background-repeat":"repeat","background-position":"center center","background-size":"auto","background-attachment":"scroll","background-type":"","background-media":"","overlay-type":"","overlay-color":"","overlay-opacity":"","overlay-gradient":""}},"ast-content-background-meta":{"desktop":{"background-color":"var(--ast-global-color-5)","background-image":"","background-repeat":"repeat","background-position":"center center","background-size":"auto","background-attachment":"scroll","background-type":"","background-media":"","overlay-type":"","overlay-color":"","overlay-opacity":"","overlay-gradient":""},"tablet":{"background-color":"var(--ast-global-color-5)","background-image":"","background-repeat":"repeat","background-position":"center center","background-size":"auto","background-attachment":"scroll","background-type":"","background-media":"","overlay-type":"","overlay-color":"","overlay-opacity":"","overlay-gradient":""},"mobile":{"background-color":"var(--ast-global-color-5)","background-image":"","background-repeat":"repeat","background-position":"center center","background-size":"auto","background-attachment":"scroll","background-type":"","background-media":"","overlay-type":"","overlay-color":"","overlay-opacity":"","overlay-gradient":""}},"footnotes":""},"class_list":["post-90","page","type-page","status-publish","hentry"],"_links":{"self":[{"href":"https:\/\/puttsimulator.com\/index.php\/wp-json\/wp\/v2\/pages\/90","targetHints":{"allow":["GET"]}}],"collection":[{"href":"https:\/\/puttsimulator.com\/index.php\/wp-json\/wp\/v2\/pages"}],"about":[{"href":"https:\/\/puttsimulator.com\/index.php\/wp-json\/wp\/v2\/types\/page"}],"author":[{"embeddable":true,"href":"https:\/\/puttsimulator.com\/index.php\/wp-json\/wp\/v2\/users\/4"}],"replies":[{"embeddable":true,"href":"https:\/\/puttsimulator.com\/index.php\/wp-json\/wp\/v2\/comments?post=90"}],"version-history":[{"count":11,"href":"https:\/\/puttsimulator.com\/index.php\/wp-json\/wp\/v2\/pages\/90\/revisions"}],"predecessor-version":[{"id":669,"href":"https:\/\/puttsimulator.com\/index.php\/wp-json\/wp\/v2\/pages\/90\/revisions\/669"}],"wp:attachment":[{"href":"https:\/\/puttsimulator.com\/index.php\/wp-json\/wp\/v2\/media?parent=90"}],"curies":[{"name":"wp","href":"https:\/\/api.w.org\/{rel}","templated":true}]}}