{"id":83,"date":"2020-10-29T11:22:46","date_gmt":"2020-10-29T10:22:46","guid":{"rendered":"http:\/\/52.57.17.80\/?page_id=83"},"modified":"2022-03-03T16:11:16","modified_gmt":"2022-03-03T15:11:16","slug":"lizenzbedingungen","status":"publish","type":"page","link":"https:\/\/puttsimulator.com\/index.php\/lizenzbedingungen\/","title":{"rendered":"Lizenzbedingungen"},"content":{"rendered":"\t\t<div data-elementor-type=\"wp-page\" data-elementor-id=\"83\" class=\"elementor elementor-83\">\n\t\t\t\t\t\t<section class=\"elementor-section elementor-top-section elementor-element elementor-element-d7d8b56 elementor-section-boxed elementor-section-height-default elementor-section-height-default\" data-id=\"d7d8b56\" data-element_type=\"section\" data-settings=\"{&quot;background_background&quot;:&quot;classic&quot;}\">\n\t\t\t\t\t\t\t<div class=\"elementor-background-overlay\"><\/div>\n\t\t\t\t\t\t\t<div class=\"elementor-container elementor-column-gap-default\">\n\t\t\t\t\t<div class=\"elementor-column elementor-col-100 elementor-top-column elementor-element elementor-element-fd69444\" data-id=\"fd69444\" data-element_type=\"column\">\n\t\t\t<div class=\"elementor-widget-wrap elementor-element-populated\">\n\t\t\t\t\t\t<div class=\"elementor-element elementor-element-abcc2f2 elementor-widget elementor-widget-heading\" data-id=\"abcc2f2\" data-element_type=\"widget\" data-widget_type=\"heading.default\">\n\t\t\t\t<div class=\"elementor-widget-container\">\n\t\t\t\t\t<h1 class=\"elementor-heading-title elementor-size-default\">Lizenz-<br>bedingungen<\/h1>\t\t\t\t<\/div>\n\t\t\t\t<\/div>\n\t\t\t\t\t<\/div>\n\t\t<\/div>\n\t\t\t\t\t<\/div>\n\t\t<\/section>\n\t\t\t\t<section class=\"elementor-section elementor-top-section elementor-element elementor-element-5c40d7b elementor-section-boxed elementor-section-height-default elementor-section-height-default\" data-id=\"5c40d7b\" data-element_type=\"section\">\n\t\t\t\t\t\t<div class=\"elementor-container elementor-column-gap-default\">\n\t\t\t\t\t<div class=\"elementor-column elementor-col-100 elementor-top-column elementor-element elementor-element-2ebbf9c\" data-id=\"2ebbf9c\" data-element_type=\"column\">\n\t\t\t<div class=\"elementor-widget-wrap elementor-element-populated\">\n\t\t\t\t\t\t<div class=\"elementor-element elementor-element-fe195c7 elementor-widget elementor-widget-heading\" data-id=\"fe195c7\" data-element_type=\"widget\" data-widget_type=\"heading.default\">\n\t\t\t\t<div class=\"elementor-widget-container\">\n\t\t\t\t\t<h2 class=\"elementor-heading-title elementor-size-default\">Lizenzbedingungen<\/h2>\t\t\t\t<\/div>\n\t\t\t\t<\/div>\n\t\t\t\t<div class=\"elementor-element elementor-element-dc051dd elementor-widget-divider--view-line elementor-widget elementor-widget-divider\" data-id=\"dc051dd\" data-element_type=\"widget\" data-widget_type=\"divider.default\">\n\t\t\t\t<div class=\"elementor-widget-container\">\n\t\t\t\t\t\t\t<div class=\"elementor-divider\">\n\t\t\t<span class=\"elementor-divider-separator\">\n\t\t\t\t\t\t<\/span>\n\t\t<\/div>\n\t\t\t\t\t\t<\/div>\n\t\t\t\t<\/div>\n\t\t\t\t<div class=\"elementor-element elementor-element-e5f497e elementor-widget elementor-widget-text-editor\" data-id=\"e5f497e\" data-element_type=\"widget\" data-widget_type=\"text-editor.default\">\n\t\t\t\t<div class=\"elementor-widget-container\">\n\t\t\t\t\t\t\t\t\t<div class=\"elementor-element elementor-element-e5f497e elementor-widget elementor-widget-text-editor\" data-id=\"e5f497e\" data-element_type=\"widget\" data-widget_type=\"text-editor.default\"><div class=\"elementor-widget-container\"><div class=\"elementor-text-editor elementor-clearfix\"><p>\u00a71 Vertragliche Grundlagen<\/p><p>\u00a71.1 Erwerb und Verwendung der Software<\/p><p>Durch den Download, die Installation und die Inbetriebnahme der Software D3D-PuttSimulator, im Folgenden d3d-Software genannt, und den Kauf und die Aktivierung der Softwarelizenz durch Eingabe des Lizenzschl\u00fcssels erkl\u00e4rt sich der K\u00e4ufer mit den Bestimmungen des nachstehenden Lizenzvertrags einverstanden. D3D-PuttSimulator darf nur im Einvernehmen mit den Bestimmungen dieses Lizenzvertrages erworben und verwendet werden.<\/p><p>\u00a71.2 Erwerb und Verwendung der Hardware<\/p><p>Der D3D-PuttSimulator ist eine Software f\u00fcr die \u201eMixedReality-Welt\u201c. F\u00fcr die umfassende Nutzung der M\u00f6glichkeiten der Software sind daher neben einem Computer und einem Bildausgabeger\u00e4t noch andere Hardwarekomponenten, insbesondere eine USB-Kamera, erforderlich. S\u00e4mtliche Produkte sind am Markt erh\u00e4ltlich. Die Hardwarekomponenten sind nicht Teil des Lieferumfangs der D3Dputtlabor GmbH (kurz: D3D). D3D beschr\u00e4nkt sich auf Empfehlungen von Produkten, die sie selbst bei der Softwareentwicklung getestet hat und im eigenen Labor verwendet. Die Verantwortung f\u00fcr die Beschaffung der Hardware liegt beim Benutzer selbst. Auf Wunsch des Benutzers \u00fcbernimmt D3D die Beschaffung der Hardware und den Versand an den Benutzer als Serviceleistung gegen eine Vertriebspauschale.<\/p><p>\u00a71.3 \u00dcbertragung von Rechten und Pflichten<\/p><p>Die D3D kann alle Rechte und Pflichten aus diesem Vertrag jederzeit auf Dritte \u00fcbertragen. Der Lizenznehmer darf jedoch die ihm durch die Lizenz einger\u00e4umten Rechte nicht ohne vorherige schriftliche Zustimmung von D3D an Dritte \u00fcbertragen oder diesen weitere Nutzungsrechte einr\u00e4umen.<\/p><p>\u00a72 Leistungsgegenstand<\/p><p>$2.1 Software<\/p><p>Dieser Lizenzvertrag, bezieht sich auf den D3D-PuttSimulator von D3D. Unter\u201dSoftware\u201d im Sinne dieses Vertrages ist das Softwareprogramm und alle zugeh\u00f6rigen Dokumente und Dateien, die im Lieferumfang enthalten sind, zu verstehen. F\u00fcr die \u00dcberlassung der Software an den Kunden gelten ausschlie\u00dflich die nachstehenden Vertragsbedingungen. Andere Vertragsbedingungen werden nicht Vertragsinhalt, auch dann nicht, wenn D3D ihnen nicht ausdr\u00fccklich widerspricht.<\/p><p>\u00a72.2 Lizenzvergabe<\/p><p>Der Lizenzgeber ist berechtigt, Nutzungs- und Verwaltungsrechte an dem D3D-PuttSimulator Dritten einzur\u00e4umen. Der Lizenznehmer erwirbt vom Lizenzgeber eine Nutzungslizenz zur zeitlich unbefristeten Nutzung des D3D-PuttSimulators mit Update-Berechtigung f\u00fcr 1 Jahr. Die Lizenz gilt f\u00fcr den privaten Gebrauch der D3D-PuttSimulator auf einem Rechner. \u00dcber die vom Lizenznehmer bestellte Lizenz ergeht eine Proforma-Rechnung. Wenn diese innerhalb von 10 Tagen nicht beglichen ist, wird die Lizenz entzogen. Eine Weitergabe an Dritte ist nicht zul\u00e4ssig. Der Lizenznehmer ist berechtigt an der Teilnahme des Supports (per Email, Telefon, Fernwartung).<\/p><p>\u00a72.3 Lieferung und Installation<\/p><p>Der D3D-PuttSimulator wird ausschlie\u00dflich \u00fcber die Webseite des Lizenzgebers per Download vertrieben. Der Lizenznehmer ist in vollem Umfang f\u00fcr die Installation und die Funktionalit\u00e4t des von ihm betriebenen Rechners verantwortlich. Installationsleistungen werden seitens des Lizenzgebers nicht geschuldet.<\/p><p>\u00a72.4 Dokumentation<\/p><p>Die Dokumentation f\u00fcr den D3D-PuttSimulator wird dem Lizenznehmer als online Handbuch in deutscher Sprache zur Verf\u00fcgung gestellt. Ein Anspruch des Lizenznehmers auf \u00dcberlassung der Dokumentation in Papierform besteht nicht.<\/p><p>\u00a72.4 Updates<\/p><p>Der Lizenzgeber kann nach eigenem Ermessen kostenlose Updates zur Anpassung des D3D-PuttSimulators an neue Hardware-Produkte, zur Beseitigung von unkontrollierten Ereignissen und neue Ressourcen zur Verf\u00fcgung stellen. Ein Anspruch des Lizenznehmers darauf besteht nicht. Unber\u00fchrt hiervon bleibt die gew\u00e4hrleistungsrechtliche Verpflichtung des Lizenzgebers. Neue Versionen des D3D-PuttSimulators werden vom Lizenzgeber in eigenem Ermessen zu den auf der aktuellen Webseite befindlichen Konditionen zur Verf\u00fcgung gestellt.<\/p><p>\u00a72.5 Pflege und Support<\/p><p>Neben den ins Ermessen des Lizenzgebers gestellten Updates nach 2.4 werden folgende Update-Lizenzen angeboten:<\/p><ul><li>D3D \u2013 Servicelizenz: auf 1 Jahr befristete Lizenz mit allen Neuerscheinungen und Verbesserungen des D3D-PuttSimulators<\/li><li>D3D \u2013 Platzlizenz: Lizenz f\u00fcr das Bespielen eines zus\u00e4tzlichen Platzes<\/li><\/ul><p>Durch den Erwerb einer Service-Lizenz erlangt der Lizenznehmer Anspruch auf Lieferung aller freigegebenen Neuerungen des D3D-PuttSimulators f\u00fcr eine Frist von 1 Jahr.<\/p><p>Die D3D \u2013 Platzlizenz bezieht sich auf das 3D-Modell eines Golfplatzes, dessen Erwerb das zeitlich unbegrenzte Bespielen dieses Platzes erlaubt.<\/p><p>\u00a72.6 Einwilligung zur \u00dcbertragung der Lizenzdaten an einen Lizenzserver<\/p><p>Die Aktivierung des D3D-PuttSimulators erfolgt durch verschl\u00fcsselte \u00dcbertragung und \u00dcberpr\u00fcfung des Lizenzschl\u00fcssels (vgl. 1.1) an einen Lizenzserver. Die Verarbeitung der Informationen auf dem Lizenzserver erfolgt automatisiert. Der Lizenznehmer erkl\u00e4rt sich mit dieser \u00dcbertragung (auch in zeitlichen Abst\u00e4nden) gem\u00e4\u00df \u00a74 BDSG einverstanden.<\/p><p>\u00a73 Haftungsausschluss und Haftungsbeschr\u00e4nkungen<\/p><p>Der Lizenzgeber schlie\u00dft eine Haftung f\u00fcr leichte Fehler und Irrt\u00fcmer in der Software aus, sofern sie nicht auf fahrl\u00e4ssige Pflichtverletzungen zur\u00fcckzuf\u00fchren sind oder mit dem Gesetz in Konflikt stehen. Gleiches gilt f\u00fcr Pflichtverletzungen der Erf\u00fcllungsgehilfen oder Vertreter des Lizenzgebers. Sofern der Lizenzgeber fahrl\u00e4ssig eine vertragswesentliche Pflicht verletzt, ist seine Ersatzpflicht auf den vertragstypischen, vorhersehbaren Schaden begrenzt. Der Lizenzgeber haftet nicht f\u00fcr Sch\u00e4den, die durch St\u00f6rung des Betriebs, insbesondere infolge von h\u00f6herer Gewalt (z.B. von Brand- und Naturereignissen) sowie infolge von sonstigen, von ihm nicht zu vertretenden Vorkommnissen verursacht worden sind. Die Haftung f\u00fcr Datenverlust wird auf den typischen Aufwand der Wiederherstellung beschr\u00e4nkt, der bei t\u00e4glicher Anfertigung von Sicherungskopien eingetreten w\u00e4re. Eine verschuldensunabh\u00e4ngige Haftung des Lizenzgebers nach \u00a7536a Abs. 1 Var. 1 BGB aufgrund von M\u00e4ngeln, die bereits zum Zeitpunkt des Vertragsabschlusses vorhanden sind, ist ausgeschlossen. Die vorstehenden Bestimmungen zur Haftungsbeschr\u00e4nkung gelten f\u00fcr alle vertraglichen und au\u00dfervertraglichen Schadenersatzanspr\u00fcche gegen den Lizenzgeber unabh\u00e4ngig von ihrem Rechtsgrund sowie entsprechend f\u00fcr die Haftung des Lizenzgebers auf Ersatz vergeblicher Anwendungen.<\/p><p>\u00a74 Gew\u00e4hrleistung<\/p><p>\u00a74.1 Leichte Fehler<\/p><p>Die Softwareprodukte der D3D sind mit gr\u00f6\u00dfter Sorgfalt erstellt worden. Der Lizenzgeber gew\u00e4hrleistet die Brauchbarkeit und die Eigenschaften der Software im Sinne der Leistungsbeschreibung. Der Lizenzgeber weist darauf hin, dass trotzdem potentielle, nicht erprobte Anwendungsbedingungen zu Fehlern und unerwarteten Programmabbr\u00fcchen f\u00fchren k\u00f6nnen. Eine unerhebliche Minderung der Brauchbarkeit bleibt daher au\u00dfer Betracht und wird in die Pflichtenliste f\u00fcr die n\u00e4chste Updateversion aufgenommen.<\/p><p>\u00a74.2 M\u00e4ngel<\/p><p>Die Gew\u00e4hrleistung wird von D3D durch Nachbesserung nach M\u00e4ngelr\u00fcge durch den Lizenznehmer erf\u00fcllt. Der Lizenzgeber besitzt dabei einen Ermessenspielraum f\u00fcr die Wichtigkeit des Mangels im Vergleich zum leichten Fehler nach 4.1. Offensichtliche M\u00e4ngel an dem D3D-PuttSimulator sind dem Lizenzgeber durch den Lizenznehmer innerhalb von 14 Tagen ab Aktivierung und versteckte M\u00e4ngel unverz\u00fcglich nach deren Entdeckung anzuzeigen. Programmm\u00e4ngel m\u00fcssen schriftlich mitgeteilt und so konkret beschrieben werden, dass der fehlerhafte Programmablauf reproduziert werden kann. Gew\u00e4hrleistungsanspr\u00fcche und Anspr\u00fcche auf Support setzen eine ordnungsgem\u00e4\u00dfe Programminstallation und Systemanpassung voraus.<\/p><p>\u00a74.3 Datenverlust<\/p><p>Aufgrund der Vielzahl von in der Praxis auftretenden Daten- und Bedienkonstellationen sowie Bedienungsfehlern kann ein Datenverlust nicht g\u00e4nzlich ausgeschlossen werden. Der Lizenznehmer muss daher Sorge tragen, dass durch vollst\u00e4ndige Datensicherung, die regelm\u00e4\u00dfig vorgenommen wird, eine einfache Rekonstruktion etwa verloren gegangener Daten m\u00f6glich ist. Der Lizenznehmer hat insbesondere die Pflicht zur Virenabwehr nach dem aktuellen Stand der Technik.<\/p><p>\u00a75 Schutzrechte<\/p><p>\u00a75.1 Urheberrechte<\/p><p>An allen urheberrechtsf\u00e4higen Materialien, die im Zuge der Lizenzierung dem Lizenznehmer \u00fcberlassen werden, steht dem Lizenzgeber das Urheberrecht sowie die hieraus resultierenden Schutzrechte, Nutzungs- und Verwertungsrechte zu. Eine Einr\u00e4umung von Rechten erfolgt ausschlie\u00dflich unter der in \u00a72.2 bzw. \u00a72.5 dargelegten Form. Der D3D-PuttSimulator und seine Lizenzierung wird durch verschiedene technische L\u00f6sungen gesch\u00fctzt. Es ist untersagt, diese zu umgehen. Des Weiteren ist es dem Lizenznehmer untersagt den D3D-PuttSimulator zu \u00e4ndern, zur\u00fcckzuentwickeln, zu dekompilieren oder abgeleitete Software zu erstellen. Dies gilt jedoch nicht f\u00fcr die in \u00a75.1 aufgelisteten und genutzten externen Bibliotheken. Unberechtigte Reproduktion oder nicht autorisierter Vertrieb des D3D-PuttSimulators wird gerichtlich verfolgt und kann zu Strafe und Schadenersatzforderungen f\u00fchren.<\/p><p>\u00a75.2 Nutzung externer Bibliotheken<\/p><p>Der D3D-PuttSimulator nutzt folgende Software-Bibliotheken im Rahmen der LGPLv2.1<br \/>\u2013 Qt-Projekt<br \/>\u2013 VTK (The Visualization Toolkit)<br \/>\u2013 uEye<\/p><p>\u00a76 Allgemeine Bestimmungen<\/p><p>\u00a76.1 Rechtswahl und Gerichtsstand<\/p><p>F\u00fcr die Gesch\u00e4ftsbeziehungen und die gesamten Rechtsbeziehungen zwischen dem Lizenzgeber und dem Lizenznehmer gilt ausschlie\u00dflich das Recht der Bundesrepublik Deutschland unter Ausschluss des UN-Kaufrechts (CISG). M\u00fcndliche Abreden sowie abweichende Bedingungen des Lizenznehmers bed\u00fcrfen zu ihrer Wirksamkeit der schriftlichen Best\u00e4tigung beider Vertragspartner. Gerichtsstand ist der Gesch\u00e4ftssitz des Lizenzgebers.<\/p><p>\u00a76.2 Salvatorische Klausel<\/p><p>Sollten einzelne Bestimmungen dieses Vertrags unwirksam oder undurchf\u00fchrbar sein oder nach Vertragsabschluss unwirksam oder undurchf\u00fchrbar werden, bleibt davon die Wirksamkeit des Vertrags im \u00dcbrigen unber\u00fchrt. An die Stelle der unwirksamen oder undurchf\u00fchrbaren Bestimmungen soll diejenige wirksame und durchf\u00fchrbare Regelung treten, deren Wirkung der wirtschaftlichen Zielsetzung am n\u00e4chsten kommen, die die Vertragsparteien mit der unwirksamen bzw. undurchf\u00fchrbaren Bestimmungen verfolgt haben. Die vorstehenden Bestimmungen gelten entsprechend f\u00fcr den Fall, dass sich der Vertrag als l\u00fcckenhaft erweist.<\/p><\/div><\/div><\/div>\t\t\t\t\t\t\t\t<\/div>\n\t\t\t\t<\/div>\n\t\t\t\t\t<\/div>\n\t\t<\/div>\n\t\t\t\t\t<\/div>\n\t\t<\/section>\n\t\t\t\t<\/div>\n\t\t","protected":false},"excerpt":{"rendered":"<p>Lizenz-bedingungen Lizenzbedingungen \u00a71 Vertragliche Grundlagen \u00a71.1 Erwerb und Verwendung der Software Durch den Download, die Installation und die Inbetriebnahme der Software D3D-PuttSimulator, im Folgenden d3d-Software genannt, und den Kauf und die Aktivierung der Softwarelizenz durch Eingabe des Lizenzschl\u00fcssels erkl\u00e4rt sich der K\u00e4ufer mit den Bestimmungen des nachstehenden Lizenzvertrags einverstanden. D3D-PuttSimulator darf nur im Einvernehmen mit [&hellip;]<\/p>\n","protected":false},"author":4,"featured_media":0,"parent":0,"menu_order":0,"comment_status":"closed","ping_status":"closed","template":"","meta":{"site-sidebar-layout":"no-sidebar","site-content-layout":"page-builder","ast-site-content-layout":"default","site-content-style":"default","site-sidebar-style":"default","ast-global-header-display":"","ast-banner-title-visibility":"","ast-main-header-display":"","ast-hfb-above-header-display":"","ast-hfb-below-header-display":"","ast-hfb-mobile-header-display":"","site-post-title":"disabled","ast-breadcrumbs-content":"","ast-featured-img":"disabled","footer-sml-layout":"","ast-disable-related-posts":"","theme-transparent-header-meta":"default","adv-header-id-meta":"","stick-header-meta":"default","header-above-stick-meta":"","header-main-stick-meta":"","header-below-stick-meta":"","astra-migrate-meta-layouts":"default","ast-page-background-enabled":"default","ast-page-background-meta":{"desktop":{"background-color":"","background-image":"","background-repeat":"repeat","background-position":"center center","background-size":"auto","background-attachment":"scroll","background-type":"","background-media":"","overlay-type":"","overlay-color":"","overlay-opacity":"","overlay-gradient":""},"tablet":{"background-color":"","background-image":"","background-repeat":"repeat","background-position":"center center","background-size":"auto","background-attachment":"scroll","background-type":"","background-media":"","overlay-type":"","overlay-color":"","overlay-opacity":"","overlay-gradient":""},"mobile":{"background-color":"","background-image":"","background-repeat":"repeat","background-position":"center center","background-size":"auto","background-attachment":"scroll","background-type":"","background-media":"","overlay-type":"","overlay-color":"","overlay-opacity":"","overlay-gradient":""}},"ast-content-background-meta":{"desktop":{"background-color":"var(--ast-global-color-5)","background-image":"","background-repeat":"repeat","background-position":"center center","background-size":"auto","background-attachment":"scroll","background-type":"","background-media":"","overlay-type":"","overlay-color":"","overlay-opacity":"","overlay-gradient":""},"tablet":{"background-color":"var(--ast-global-color-5)","background-image":"","background-repeat":"repeat","background-position":"center center","background-size":"auto","background-attachment":"scroll","background-type":"","background-media":"","overlay-type":"","overlay-color":"","overlay-opacity":"","overlay-gradient":""},"mobile":{"background-color":"var(--ast-global-color-5)","background-image":"","background-repeat":"repeat","background-position":"center center","background-size":"auto","background-attachment":"scroll","background-type":"","background-media":"","overlay-type":"","overlay-color":"","overlay-opacity":"","overlay-gradient":""}},"footnotes":""},"class_list":["post-83","page","type-page","status-publish","hentry"],"_links":{"self":[{"href":"https:\/\/puttsimulator.com\/index.php\/wp-json\/wp\/v2\/pages\/83","targetHints":{"allow":["GET"]}}],"collection":[{"href":"https:\/\/puttsimulator.com\/index.php\/wp-json\/wp\/v2\/pages"}],"about":[{"href":"https:\/\/puttsimulator.com\/index.php\/wp-json\/wp\/v2\/types\/page"}],"author":[{"embeddable":true,"href":"https:\/\/puttsimulator.com\/index.php\/wp-json\/wp\/v2\/users\/4"}],"replies":[{"embeddable":true,"href":"https:\/\/puttsimulator.com\/index.php\/wp-json\/wp\/v2\/comments?post=83"}],"version-history":[{"count":15,"href":"https:\/\/puttsimulator.com\/index.php\/wp-json\/wp\/v2\/pages\/83\/revisions"}],"predecessor-version":[{"id":675,"href":"https:\/\/puttsimulator.com\/index.php\/wp-json\/wp\/v2\/pages\/83\/revisions\/675"}],"wp:attachment":[{"href":"https:\/\/puttsimulator.com\/index.php\/wp-json\/wp\/v2\/media?parent=83"}],"curies":[{"name":"wp","href":"https:\/\/api.w.org\/{rel}","templated":true}]}}